{"id":1619,"date":"2015-01-24T10:53:06","date_gmt":"2015-01-24T16:53:06","guid":{"rendered":"http:\/\/blogs.iteso.mx\/acm\/?page_id=1619"},"modified":"2018-05-08T14:54:08","modified_gmt":"2018-05-08T20:54:08","slug":"icpc-mexico-centroamerica","status":"publish","type":"page","link":"https:\/\/eventos.iteso.mx\/acm\/icpc-mexico-centroamerica\/","title":{"rendered":"0.Concurso de Programaci\u00f3n ICPC"},"content":{"rendered":"<p><img data-recalc-dims=\"1\" loading=\"lazy\" decoding=\"async\" class=\"aligncenter\" alt=\"\" src=\"https:\/\/i0.wp.com\/acm.iteso.mx\/share\/2015_icpc.jpg?resize=630%2C425\" width=\"630\" height=\"425\" \/><br \/>\nEl <a title=\"ICPC\" href=\"http:\/\/icpc.baylor.edu\/\">Concurso de Programaci\u00f3n ACM ICPC<\/a> es el Concurso de Programaci\u00f3n m\u00e1s antiguo y prestigioso a nivel mundial.<\/p>\n<p>El ACM ICPC es un Concurso de Programaci\u00f3n por equipos que se organiza a nivel mundial en varias fases, con el auspicio de la ACM y cuyo grupo organizador est\u00e1 en Baylor University. Este concurso se apoya en una red mundial de universidades que organizan <a title=\"Concursos Regionales\" href=\"http:\/\/icpc.baylor.edu\/regionals\">Concursos Regionales<\/a> desde donde avanzan los mejores equipos a la <a title=\"Final Mundial\" href=\"http:\/\/icpc.baylor.edu\/\">Final Mundial del ACM ICPC<\/a>, la cual tiene lugar cada a\u00f1o.<\/p>\n","protected":false},"excerpt":{"rendered":"<p>El Concurso de Programaci\u00f3n ACM ICPC es el Concurso de Programaci\u00f3n m\u00e1s antiguo y prestigioso a nivel mundial. El ACM ICPC es un Concurso de Programaci\u00f3n por equipos que se organiza a nivel mundial en varias fases, con el auspicio de la ACM y cuyo grupo organizador est\u00e1 en Baylor University. Este concurso se apoya &hellip; <a href=\"https:\/\/eventos.iteso.mx\/acm\/icpc-mexico-centroamerica\/\" class=\"more-link\">Continuar leyendo<span class=\"screen-reader-text\"> \u00ab0.Concurso de Programaci\u00f3n ICPC\u00bb<\/span><\/a><\/p>\n","protected":false},"author":18,"featured_media":0,"parent":0,"menu_order":0,"comment_status":"closed","ping_status":"open","template":"","meta":{"footnotes":""},"class_list":["post-1619","page","type-page","status-publish","hentry"],"jetpack-related-posts":[],"jetpack_sharing_enabled":false,"_links":{"self":[{"href":"https:\/\/eventos.iteso.mx\/acm\/wp-json\/wp\/v2\/pages\/1619","targetHints":{"allow":["GET"]}}],"collection":[{"href":"https:\/\/eventos.iteso.mx\/acm\/wp-json\/wp\/v2\/pages"}],"about":[{"href":"https:\/\/eventos.iteso.mx\/acm\/wp-json\/wp\/v2\/types\/page"}],"author":[{"embeddable":true,"href":"https:\/\/eventos.iteso.mx\/acm\/wp-json\/wp\/v2\/users\/18"}],"replies":[{"embeddable":true,"href":"https:\/\/eventos.iteso.mx\/acm\/wp-json\/wp\/v2\/comments?post=1619"}],"version-history":[{"count":0,"href":"https:\/\/eventos.iteso.mx\/acm\/wp-json\/wp\/v2\/pages\/1619\/revisions"}],"wp:attachment":[{"href":"https:\/\/eventos.iteso.mx\/acm\/wp-json\/wp\/v2\/media?parent=1619"}],"curies":[{"name":"wp","href":"https:\/\/api.w.org\/{rel}","templated":true}]}}