{"id":1621,"date":"2015-01-25T09:52:05","date_gmt":"2015-01-25T15:52:05","guid":{"rendered":"http:\/\/blogs.iteso.mx\/acm\/?page_id=1621"},"modified":"2018-05-08T14:54:09","modified_gmt":"2018-05-08T20:54:09","slug":"introduccion","status":"publish","type":"page","link":"https:\/\/eventos.iteso.mx\/acm\/icpc-mexico-centroamerica\/introduccion\/","title":{"rendered":"a.ICPC M\u00e9xico &amp; Centroam\u00e9rica"},"content":{"rendered":"<p><img data-recalc-dims=\"1\" loading=\"lazy\" decoding=\"async\" class=\"aligncenter\" alt=\"\" src=\"https:\/\/i0.wp.com\/acm.iteso.mx\/share\/2015_icpc_mca.jpg?resize=630%2C425\" width=\"630\" height=\"425\" \/><br \/>\nEl <a title=\"ICPC\" href=\"http:\/\/icpc.baylor.edu\/\">Concurso Internacional Universitario de Programaci\u00f3n, denominado ACM ICPC<\/a> por sus siglas en ingl\u00e9s, en la regi\u00f3n M\u00e9xico &amp; Centroam\u00e9rica, es un concurso de dos fases en el que participan equipos de universidades de M\u00e9xico y de seis pa\u00edses de Centroam\u00e9rica: Belice, Guatemala, Honduras, El Salvador, Nicaragua y Costa Rica. Las dos fases son:<\/p>\n<p><strong>Primera Fase. Gran Premio de M\u00e9xico &amp; Centroam\u00e9rica<\/strong><\/p>\n<p>El Gran Premio de M\u00e9xico &amp; Centroam\u00e9rica es un circuito anual de Concursos de Programaci\u00f3n en formato ACM ICPC que se organiza entre los meses de enero y principios de noviembre y que tiene como prop\u00f3sito el seleccionar a los equipos que participar\u00e1n en la Eliminatoria Regional de M\u00e9xico &amp; Centroam\u00e9rica; a trav\u00e9s del proceso clasificatorio que se describe en este sitio. Los concursos que forman parte del circuito pueden ser internos o locales. Pueden tener lugar en una sola sede, de forma presencial, o de forma distribuida en varias sedes. Pueden estar organizados por un Centros Universitarios o por Agrupaciones o Asociaciones de Universidades, bajo las reglas de los Concursos Regionales del ACM ICPC. No existen restricciones en la cantidad de concursos que se organizan en un ciclo competitivo y ser\u00e1n registrados en el <a title=\"Sistema de Inscripciones\" href=\"http:\/\/icpc.baylor.edu\/\">ACM ICPC Registration System<\/a>\u00a0 como concursos que forman parte del Gran Premio de M\u00e9xico &amp; Centroam\u00e9rica.<br \/>\nEl registro de los equipos es abierto y la cantidad de los equipos ser\u00e1 determinada por los organizadores de cada concurso. Los equipos deber\u00e1n registrarse completamente en el <a title=\"Sistema de Inscripciones\" href=\"http:\/\/icpc.baylor.edu\/\">ACM ICPC Registration System<\/a>. No existen tampoco restricciones en la cantidad de equipos por centro universitario ni en la cantidad total de equipos que participen. Estos concursos tienen como prop\u00f3sito lograr una mejor preparaci\u00f3n de los equipos de la regi\u00f3n con vistas la Eliminatoria Regional y, algunos, son clasificatorios para la misma.<\/p>\n<p><strong>Segunda Fase. Eliminatoria Regional de M\u00e9xico &amp; Centroam\u00e9rica<\/strong><\/p>\n<p>Denominada tambi\u00e9n Concurso Regional de M\u00e9xico &amp; Centroam\u00e9rica, es el nivel previo a la final mundial del ACM ICPC y se organiza de acuerdo a las reglas de los Concursos Regionales del ACM ICPC. Tiene lugar el segundo fin de semana de noviembre y se celebra de forma conjunta con las restantes regiones de Latinoam\u00e9rica. Participan equipos clasificados desde el Gran Premio de M\u00e9xico &amp; Centroam\u00e9rica, por lo tanto no hay inscripci\u00f3n abierta. Podr\u00edan existir excepciones en el registro para la Eliminatoria Regional, en el caso de equipos de pa\u00edses donde no se habilitaron sedes para el Gran Premio. Solo en esos casos, se revisar\u00eda si se aceptan registros directos a la Eliminatoria Regional.<\/p>\n","protected":false},"excerpt":{"rendered":"<p>El Concurso Internacional Universitario de Programaci\u00f3n, denominado ACM ICPC por sus siglas en ingl\u00e9s, en la regi\u00f3n M\u00e9xico &amp; Centroam\u00e9rica, es un concurso de dos fases en el que participan equipos de universidades de M\u00e9xico y de seis pa\u00edses de Centroam\u00e9rica: Belice, Guatemala, Honduras, El Salvador, Nicaragua y Costa Rica. Las dos fases son: Primera &hellip; <a href=\"https:\/\/eventos.iteso.mx\/acm\/icpc-mexico-centroamerica\/introduccion\/\" class=\"more-link\">Continuar leyendo<span class=\"screen-reader-text\"> \u00aba.ICPC M\u00e9xico &amp; Centroam\u00e9rica\u00bb<\/span><\/a><\/p>\n","protected":false},"author":18,"featured_media":0,"parent":1619,"menu_order":5,"comment_status":"closed","ping_status":"open","template":"","meta":{"footnotes":""},"class_list":["post-1621","page","type-page","status-publish","hentry"],"jetpack-related-posts":[],"jetpack_sharing_enabled":true,"_links":{"self":[{"href":"https:\/\/eventos.iteso.mx\/acm\/wp-json\/wp\/v2\/pages\/1621","targetHints":{"allow":["GET"]}}],"collection":[{"href":"https:\/\/eventos.iteso.mx\/acm\/wp-json\/wp\/v2\/pages"}],"about":[{"href":"https:\/\/eventos.iteso.mx\/acm\/wp-json\/wp\/v2\/types\/page"}],"author":[{"embeddable":true,"href":"https:\/\/eventos.iteso.mx\/acm\/wp-json\/wp\/v2\/users\/18"}],"replies":[{"embeddable":true,"href":"https:\/\/eventos.iteso.mx\/acm\/wp-json\/wp\/v2\/comments?post=1621"}],"version-history":[{"count":0,"href":"https:\/\/eventos.iteso.mx\/acm\/wp-json\/wp\/v2\/pages\/1621\/revisions"}],"up":[{"embeddable":true,"href":"https:\/\/eventos.iteso.mx\/acm\/wp-json\/wp\/v2\/pages\/1619"}],"wp:attachment":[{"href":"https:\/\/eventos.iteso.mx\/acm\/wp-json\/wp\/v2\/media?parent=1621"}],"curies":[{"name":"wp","href":"https:\/\/api.w.org\/{rel}","templated":true}]}}