{"id":3270,"date":"2019-02-24T19:19:24","date_gmt":"2019-02-25T01:19:24","guid":{"rendered":"http:\/\/blogs.iteso.mx\/acm\/?page_id=3270"},"modified":"2019-02-24T19:24:38","modified_gmt":"2019-02-25T01:24:38","slug":"a-icpc-region-mexico","status":"publish","type":"page","link":"https:\/\/eventos.iteso.mx\/acm\/0-concurso-de-programacion-icpc\/a-icpc-region-mexico\/","title":{"rendered":"a.ICPC Regi\u00f3n M\u00e9xico"},"content":{"rendered":"<p><img data-recalc-dims=\"1\" loading=\"lazy\" decoding=\"async\" class=\"aligncenter\" src=\"https:\/\/i0.wp.com\/acm.iteso.mx\/share\/icpc_mexico_2019.jpg?resize=630%2C425\" alt=\"\" width=\"630\" height=\"425\" \/><br \/>\nEl <a title=\"ICPC\" href=\"http:\/\/icpc.global\/\">Concurso Internacional Universitario de Programaci\u00f3n, denominado ICPC<\/a> por sus siglas en ingl\u00e9s, en la regi\u00f3n M\u00e9xico, es un concurso de dos fases en el que participan equipos de universidades de M\u00e9xico. Las dos fases son:<\/p>\n<p><strong>Primera Fase. Gran Premio de M\u00e9xico<br \/>\n<\/strong><\/p>\n<p>El Gran Premio de M\u00e9xico es un circuito anual de Concursos de Programaci\u00f3n en formato ICPC que se organiza entre los meses de enero y principios de noviembre y que tiene como prop\u00f3sito el seleccionar a los equipos que participar\u00e1n en la Eliminatoria Regional de M\u00e9xico; a trav\u00e9s del proceso clasificatorio que se describe en este sitio. Los concursos que forman parte del circuito pueden ser internos o locales. Pueden tener lugar en una sola sede, de forma presencial, o de forma distribuida en varias sedes. Pueden estar organizados por un Centros Universitarios o por Agrupaciones o Asociaciones de Universidades, bajo las reglas de los Concursos Regionales del ICPC. No existen restricciones en la cantidad de concursos que se organizan en un ciclo competitivo y ser\u00e1n registrados en el <a title=\"Sistema de Inscripciones\" href=\"http:\/\/icpc.global\/\">ICPC Registration System<\/a> como concursos que forman parte del Gran Premio de M\u00e9xico.<br \/>\nEl registro de los equipos es abierto y la cantidad de los equipos ser\u00e1 determinada por los organizadores de cada concurso. Los equipos deber\u00e1n registrarse completamente en el <a title=\"Sistema de Inscripciones\" href=\"http:\/\/icpc.global\/\">ICPC Registration System<\/a>. No existen tampoco restricciones en la cantidad de equipos por centro universitario ni en la cantidad total de equipos que participen. Estos concursos tienen como prop\u00f3sito lograr una mejor preparaci\u00f3n de los equipos de la regi\u00f3n con vistas la Eliminatoria Regional y, algunos, son clasificatorios para la misma.<\/p>\n<p><strong>Segunda Fase. Eliminatoria Regional de M\u00e9xico<\/strong><\/p>\n<p>Denominada tambi\u00e9n Concurso Regional de M\u00e9xico, es el nivel previo a la final mundial del ICPC y se organiza de acuerdo a las <a href=\"https:\/\/icpc.baylor.edu\/regionals\/rules\">reglas de los Concursos Regionales del ICPC<\/a>. Tiene lugar el segundo fin de semana de noviembre y se celebra de forma conjunta con las restantes regiones de Latinoam\u00e9rica. Participan equipos clasificados desde el Gran Premio de M\u00e9xico, por lo tanto no hay inscripci\u00f3n abierta.<\/p>\n","protected":false},"excerpt":{"rendered":"<p>El Concurso Internacional Universitario de Programaci\u00f3n, denominado ICPC por sus siglas en ingl\u00e9s, en la regi\u00f3n M\u00e9xico, es un concurso de dos fases en el que participan equipos de universidades de M\u00e9xico. Las dos fases son: Primera Fase. Gran Premio de M\u00e9xico El Gran Premio de M\u00e9xico es un circuito anual de Concursos de Programaci\u00f3n &hellip; <a href=\"https:\/\/eventos.iteso.mx\/acm\/0-concurso-de-programacion-icpc\/a-icpc-region-mexico\/\" class=\"more-link\">Continuar leyendo<span class=\"screen-reader-text\"> \u00aba.ICPC Regi\u00f3n M\u00e9xico\u00bb<\/span><\/a><\/p>\n","protected":false},"author":18,"featured_media":0,"parent":3265,"menu_order":0,"comment_status":"closed","ping_status":"closed","template":"","meta":{"footnotes":""},"class_list":["post-3270","page","type-page","status-publish","hentry"],"jetpack-related-posts":[],"jetpack_sharing_enabled":true,"_links":{"self":[{"href":"https:\/\/eventos.iteso.mx\/acm\/wp-json\/wp\/v2\/pages\/3270","targetHints":{"allow":["GET"]}}],"collection":[{"href":"https:\/\/eventos.iteso.mx\/acm\/wp-json\/wp\/v2\/pages"}],"about":[{"href":"https:\/\/eventos.iteso.mx\/acm\/wp-json\/wp\/v2\/types\/page"}],"author":[{"embeddable":true,"href":"https:\/\/eventos.iteso.mx\/acm\/wp-json\/wp\/v2\/users\/18"}],"replies":[{"embeddable":true,"href":"https:\/\/eventos.iteso.mx\/acm\/wp-json\/wp\/v2\/comments?post=3270"}],"version-history":[{"count":0,"href":"https:\/\/eventos.iteso.mx\/acm\/wp-json\/wp\/v2\/pages\/3270\/revisions"}],"up":[{"embeddable":true,"href":"https:\/\/eventos.iteso.mx\/acm\/wp-json\/wp\/v2\/pages\/3265"}],"wp:attachment":[{"href":"https:\/\/eventos.iteso.mx\/acm\/wp-json\/wp\/v2\/media?parent=3270"}],"curies":[{"name":"wp","href":"https:\/\/api.w.org\/{rel}","templated":true}]}}