{"id":3620,"date":"2020-01-21T14:08:41","date_gmt":"2020-01-21T20:08:41","guid":{"rendered":"https:\/\/blogs.iteso.mx\/acm\/?page_id=3620"},"modified":"2024-01-19T17:30:49","modified_gmt":"2024-01-19T23:30:49","slug":"4-cuarta-fase-final-mundial-icpcwf","status":"publish","type":"page","link":"https:\/\/eventos.iteso.mx\/acm\/4-cuarta-fase-final-mundial-icpcwf\/","title":{"rendered":"4.Cuarta Fase &#8211; Final Mundial #ICPCWF"},"content":{"rendered":"<p style=\"text-align: justify\"><img data-recalc-dims=\"1\" loading=\"lazy\" decoding=\"async\" class=\"aligncenter\" src=\"https:\/\/i0.wp.com\/acm.iteso.mx\/share\/fase4_wf.jpg?resize=630%2C425\" alt=\"\" width=\"630\" height=\"425\" \/>Cada a\u00f1o, un grupo de \u00e9lite formado por los solucionadores de problemas universitarios m\u00e1s brillantes del planeta se re\u00fane para competir en el nivel m\u00e1s alto del Concurso Internacional de Programaci\u00f3n Universitaria: las Finales Mundiales del ICPC. <span class=\"jCAhz ChMk0b\"><span class=\"ryNqvb\">Celebrada cada primavera en un lugar diferente alrededor del mundo, las Finales Mundiales del ICPC son la culminaci\u00f3n de los esfuerzos de l\u00edderes universitarios, comunitarios y regionales visionarios para generar oportunidades y elevar las aspiraciones de los estudiantes. Revisa el <a href=\"http:\/\/icpc.global\">sitio web de la Final Mundial<\/a>.<br \/>\n<\/span><\/span><\/p>\n","protected":false},"excerpt":{"rendered":"<p>Cada a\u00f1o, un grupo de \u00e9lite formado por los solucionadores de problemas universitarios m\u00e1s brillantes del planeta se re\u00fane para competir en el nivel m\u00e1s alto del Concurso Internacional de Programaci\u00f3n Universitaria: las Finales Mundiales del ICPC. Celebrada cada primavera en un lugar diferente alrededor del mundo, las Finales Mundiales del ICPC son la culminaci\u00f3n &hellip; <a href=\"https:\/\/eventos.iteso.mx\/acm\/4-cuarta-fase-final-mundial-icpcwf\/\" class=\"more-link\">Continuar leyendo<span class=\"screen-reader-text\"> \u00ab4.Cuarta Fase &#8211; Final Mundial #ICPCWF\u00bb<\/span><\/a><\/p>\n","protected":false},"author":18,"featured_media":0,"parent":0,"menu_order":0,"comment_status":"closed","ping_status":"closed","template":"","meta":{"footnotes":""},"class_list":["post-3620","page","type-page","status-publish","hentry"],"jetpack-related-posts":[],"jetpack_sharing_enabled":true,"_links":{"self":[{"href":"https:\/\/eventos.iteso.mx\/acm\/wp-json\/wp\/v2\/pages\/3620","targetHints":{"allow":["GET"]}}],"collection":[{"href":"https:\/\/eventos.iteso.mx\/acm\/wp-json\/wp\/v2\/pages"}],"about":[{"href":"https:\/\/eventos.iteso.mx\/acm\/wp-json\/wp\/v2\/types\/page"}],"author":[{"embeddable":true,"href":"https:\/\/eventos.iteso.mx\/acm\/wp-json\/wp\/v2\/users\/18"}],"replies":[{"embeddable":true,"href":"https:\/\/eventos.iteso.mx\/acm\/wp-json\/wp\/v2\/comments?post=3620"}],"version-history":[{"count":6,"href":"https:\/\/eventos.iteso.mx\/acm\/wp-json\/wp\/v2\/pages\/3620\/revisions"}],"predecessor-version":[{"id":4306,"href":"https:\/\/eventos.iteso.mx\/acm\/wp-json\/wp\/v2\/pages\/3620\/revisions\/4306"}],"wp:attachment":[{"href":"https:\/\/eventos.iteso.mx\/acm\/wp-json\/wp\/v2\/media?parent=3620"}],"curies":[{"name":"wp","href":"https:\/\/api.w.org\/{rel}","templated":true}]}}