{"id":4039,"date":"2022-04-29T13:46:19","date_gmt":"2022-04-29T18:46:19","guid":{"rendered":"https:\/\/blogs.iteso.mx\/acm\/?page_id=4039"},"modified":"2024-09-11T05:04:05","modified_gmt":"2024-09-11T11:04:05","slug":"b-comite-directivo-icpcmx2022","status":"publish","type":"page","link":"https:\/\/eventos.iteso.mx\/acm\/0-concurso-de-programacion-icpc-2\/b-comite-directivo-icpcmx2022\/","title":{"rendered":"b.Comit\u00e9 Directivo #ICPCMX2022-2024"},"content":{"rendered":"<p><img data-recalc-dims=\"1\" loading=\"lazy\" decoding=\"async\" class=\"aligncenter\" src=\"https:\/\/i0.wp.com\/acm.iteso.mx\/share\/2_2022_comitedirectivo.jpg?resize=630%2C425\" alt=\"\" width=\"630\" height=\"425\" \/><\/p>\n<ul>\n<li>Director Regional (RCD): Carlos Alberto Fern\u00e1ndez Guillot, ITESO.<\/li>\n<li>Subdirector Regional (Deputy RCD): Gabriela Lamas Oliva, ITESO.<\/li>\n<li>Juez Principal: Juan Pablo Mar\u00edn Rosas, cignuz();.\n<ul>\n<li>Asistente del Juez Principal: Mar\u00eda Celeste Ram\u00edrez Trujillo, cignuz();.<\/li>\n<li>Asistente del Juez Principal: Jorge Iv\u00e1n B\u00f3rquez Meza, Universidad de Guadalajara.<\/li>\n<\/ul>\n<\/li>\n<li>Director T\u00e9cnico y de Sistemas: F\u00e9lix Arreola, Universidad de Guadalajara, cignuz();.\n<ul>\n<li>Especialista en Sistemas: Jose Arturo Guzm\u00e1n Roldan, ITESO.<\/li>\n<\/ul>\n<\/li>\n<li>Coordinadora de Campamentos de Entrenamiento: Aida Crystal Rodr\u00edguez Soto, Microsoft.\n<ul>\n<li>Asistente para la Coordinaci\u00f3n de Campamentos: Franco Ariel Ram\u00edrez Villa, Pinterest.<\/li>\n<\/ul>\n<\/li>\n<li>Coordinadora de Voluntarios: Carla Mariana Fern\u00e1ndez Lamas, ITESO.\n<ul>\n<li>Asistente para la Coordinaci\u00f3n de Voluntarios: Luis Josu\u00e9 Fern\u00e1ndez Lamas, TecMilenio.<\/li>\n<\/ul>\n<\/li>\n<li>Director de la Final Mexicana (Concurso Regional) 2024: Jos\u00e9 Eduardo Ferrer Cruz, Tecnol\u00f3gico de Monterrey Campus Monterrey.<\/li>\n<li>Asamblea de Directores (Sesiona durante el Concurso Regional): Est\u00e1 formada por todos los Directores de Sede del GranPremioMX y por los representantes de las Comunidades ICPC en M\u00e9xico<\/li>\n<\/ul>\n","protected":false},"excerpt":{"rendered":"<p>Director Regional (RCD): Carlos Alberto Fern\u00e1ndez Guillot, ITESO. Subdirector Regional (Deputy RCD): Gabriela Lamas Oliva, ITESO. Juez Principal: Juan Pablo Mar\u00edn Rosas, cignuz();. Asistente del Juez Principal: Mar\u00eda Celeste Ram\u00edrez Trujillo, cignuz();. Asistente del Juez Principal: Jorge Iv\u00e1n B\u00f3rquez Meza, Universidad de Guadalajara. Director T\u00e9cnico y de Sistemas: F\u00e9lix Arreola, Universidad de Guadalajara, cignuz();. Especialista &hellip; <a href=\"https:\/\/eventos.iteso.mx\/acm\/0-concurso-de-programacion-icpc-2\/b-comite-directivo-icpcmx2022\/\" class=\"more-link\">Continuar leyendo<span class=\"screen-reader-text\"> \u00abb.Comit\u00e9 Directivo #ICPCMX2022-2024\u00bb<\/span><\/a><\/p>\n","protected":false},"author":18,"featured_media":0,"parent":3575,"menu_order":2,"comment_status":"closed","ping_status":"closed","template":"","meta":{"footnotes":""},"class_list":["post-4039","page","type-page","status-publish","hentry"],"jetpack-related-posts":[],"jetpack_sharing_enabled":true,"_links":{"self":[{"href":"https:\/\/eventos.iteso.mx\/acm\/wp-json\/wp\/v2\/pages\/4039","targetHints":{"allow":["GET"]}}],"collection":[{"href":"https:\/\/eventos.iteso.mx\/acm\/wp-json\/wp\/v2\/pages"}],"about":[{"href":"https:\/\/eventos.iteso.mx\/acm\/wp-json\/wp\/v2\/types\/page"}],"author":[{"embeddable":true,"href":"https:\/\/eventos.iteso.mx\/acm\/wp-json\/wp\/v2\/users\/18"}],"replies":[{"embeddable":true,"href":"https:\/\/eventos.iteso.mx\/acm\/wp-json\/wp\/v2\/comments?post=4039"}],"version-history":[{"count":19,"href":"https:\/\/eventos.iteso.mx\/acm\/wp-json\/wp\/v2\/pages\/4039\/revisions"}],"predecessor-version":[{"id":4407,"href":"https:\/\/eventos.iteso.mx\/acm\/wp-json\/wp\/v2\/pages\/4039\/revisions\/4407"}],"up":[{"embeddable":true,"href":"https:\/\/eventos.iteso.mx\/acm\/wp-json\/wp\/v2\/pages\/3575"}],"wp:attachment":[{"href":"https:\/\/eventos.iteso.mx\/acm\/wp-json\/wp\/v2\/media?parent=4039"}],"curies":[{"name":"wp","href":"https:\/\/api.w.org\/{rel}","templated":true}]}}