{"id":4441,"date":"2025-03-05T21:28:41","date_gmt":"2025-03-06T03:28:41","guid":{"rendered":"https:\/\/eventos.iteso.mx\/acm\/?page_id=4441"},"modified":"2025-08-11T20:14:44","modified_gmt":"2025-08-12T02:14:44","slug":"comite-directivo-icpcmx2025","status":"publish","type":"page","link":"https:\/\/eventos.iteso.mx\/acm\/0-concurso-de-programacion-icpc-2\/comite-directivo-icpcmx2025\/","title":{"rendered":"Comit\u00e9 Directivo #ICPCMX2025"},"content":{"rendered":"<p><img data-recalc-dims=\"1\" loading=\"lazy\" decoding=\"async\" class=\"aligncenter\" src=\"https:\/\/i0.wp.com\/eventos.iteso.mx\/acm\/wp-content\/uploads\/sites\/5\/2025\/03\/2025_comitedirectivo.jpg?resize=630%2C425&#038;ssl=1\" alt=\"\" width=\"630\" height=\"425\" \/><\/p>\n<ul>\n<li>Director Regional (RCD): Carlos Alberto Fern\u00e1ndez Guillot, ITESO.<\/li>\n<li>Subdirector Regional (Deputy RCD): Gabriela Lamas Oliva, ITESO.<\/li>\n<li>Juez Principal: Juan Pablo Mar\u00edn Rosas, cignuz();.\n<ul>\n<li>Asistente del Juez Principal: Mar\u00eda Celeste Ram\u00edrez Trujillo, cignuz();.<\/li>\n<li>Asistente del Juez Principal: Jorge Iv\u00e1n B\u00f3rquez Meza, cignuz();.<\/li>\n<\/ul>\n<\/li>\n<li>Director T\u00e9cnico y de Sistemas: F\u00e9lix Arreola, cignuz();.\n<ul>\n<li>Especialista en Sistemas: Jose Arturo Guzm\u00e1n Roldan, ITESO.<\/li>\n<\/ul>\n<\/li>\n<li>Coordinador de Campamentos de Entrenamiento: Franco Ariel Ram\u00edrez Villa, Pinterest.\n<ul>\n<li>Asistente para la Coordinaci\u00f3n de Campamentos: Demetrio Navarro, Universidad de Guadalajara.<\/li>\n<li>Asistente para la Coordinaci\u00f3n de Campamentos: Itza Dariana Rodriguez Lomeli, Universidad de Guadalajara.<\/li>\n<\/ul>\n<\/li>\n<li>Coordinadora de Voluntarios: Carla Mariana Fern\u00e1ndez Lamas, ITESO.\n<ul>\n<li>Asistente para la Coordinaci\u00f3n de Voluntarios: Luis Josu\u00e9 Fern\u00e1ndez Lamas, TecMilenio.<\/li>\n<\/ul>\n<\/li>\n<li>Webmaster ICPC M\u00e9xico 2025: Aida Crystal Rodr\u00edguez Soto, Microsoft.<\/li>\n<li>Director de la Final Mexicana 2025: Carlos Alberto Fern\u00e1ndez Guillot, ITESO.<\/li>\n<li>Asamblea de Directores (Sesiona durante la Final Mexicana): Est\u00e1 formada por todos los Directores de Sede del GranPremioMX y por los representantes de las Comunidades ICPC en M\u00e9xico<\/li>\n<\/ul>\n<p>El punto de contacto, \u00fanico y oficial, del Comit\u00e9 Directivo es el Director Regional (RCD). Para cualquier asunto relacionado con Concursos ICPC o para cuestiones relacionadas con las fechas del ICPC en M\u00e9xico en cada ciclo de competencia, cualquier integrante de la Comunidad ICPC M\u00e9xico puede comunicarse enviando correo a <a href=\"mailto:guillot@icpcmexico.org\">guillot@icpcmexico.org<\/a><\/p>\n","protected":false},"excerpt":{"rendered":"<p>Director Regional (RCD): Carlos Alberto Fern\u00e1ndez Guillot, ITESO. Subdirector Regional (Deputy RCD): Gabriela Lamas Oliva, ITESO. Juez Principal: Juan Pablo Mar\u00edn Rosas, cignuz();. Asistente del Juez Principal: Mar\u00eda Celeste Ram\u00edrez Trujillo, cignuz();. Asistente del Juez Principal: Jorge Iv\u00e1n B\u00f3rquez Meza, cignuz();. Director T\u00e9cnico y de Sistemas: F\u00e9lix Arreola, cignuz();. Especialista en Sistemas: Jose Arturo Guzm\u00e1n &hellip; <a href=\"https:\/\/eventos.iteso.mx\/acm\/0-concurso-de-programacion-icpc-2\/comite-directivo-icpcmx2025\/\" class=\"more-link\">Continuar leyendo<span class=\"screen-reader-text\"> \u00abComit\u00e9 Directivo #ICPCMX2025\u00bb<\/span><\/a><\/p>\n","protected":false},"author":18,"featured_media":0,"parent":3575,"menu_order":4,"comment_status":"closed","ping_status":"closed","template":"","meta":{"footnotes":""},"class_list":["post-4441","page","type-page","status-publish","hentry"],"jetpack-related-posts":[],"jetpack_sharing_enabled":true,"_links":{"self":[{"href":"https:\/\/eventos.iteso.mx\/acm\/wp-json\/wp\/v2\/pages\/4441","targetHints":{"allow":["GET"]}}],"collection":[{"href":"https:\/\/eventos.iteso.mx\/acm\/wp-json\/wp\/v2\/pages"}],"about":[{"href":"https:\/\/eventos.iteso.mx\/acm\/wp-json\/wp\/v2\/types\/page"}],"author":[{"embeddable":true,"href":"https:\/\/eventos.iteso.mx\/acm\/wp-json\/wp\/v2\/users\/18"}],"replies":[{"embeddable":true,"href":"https:\/\/eventos.iteso.mx\/acm\/wp-json\/wp\/v2\/comments?post=4441"}],"version-history":[{"count":12,"href":"https:\/\/eventos.iteso.mx\/acm\/wp-json\/wp\/v2\/pages\/4441\/revisions"}],"predecessor-version":[{"id":4548,"href":"https:\/\/eventos.iteso.mx\/acm\/wp-json\/wp\/v2\/pages\/4441\/revisions\/4548"}],"up":[{"embeddable":true,"href":"https:\/\/eventos.iteso.mx\/acm\/wp-json\/wp\/v2\/pages\/3575"}],"wp:attachment":[{"href":"https:\/\/eventos.iteso.mx\/acm\/wp-json\/wp\/v2\/media?parent=4441"}],"curies":[{"name":"wp","href":"https:\/\/api.w.org\/{rel}","templated":true}]}}